{"id":225,"date":"2017-05-05T11:28:03","date_gmt":"2017-05-05T11:28:03","guid":{"rendered":"http:\/\/cleanmachine.no\/?page_id=225"},"modified":"2017-05-05T11:52:18","modified_gmt":"2017-05-05T11:52:18","slug":"analogt-til-digitalt-format","status":"publish","type":"page","link":"https:\/\/cleanmachine.no\/?page_id=225","title":{"rendered":"Analogt til Digitalt format"},"content":{"rendered":"<p style=\"text-align: center;\"><img loading=\"lazy\" decoding=\"async\" class=\"alignnone size-full wp-image-232\" src=\"http:\/\/cleanmachine.no\/wp-content\/uploads\/2017\/05\/vhs-til-minnepenn-nytt.jpg\" alt=\"\" width=\"700\" height=\"318\" srcset=\"https:\/\/cleanmachine.no\/wp-content\/uploads\/2017\/05\/vhs-til-minnepenn-nytt.jpg 700w, https:\/\/cleanmachine.no\/wp-content\/uploads\/2017\/05\/vhs-til-minnepenn-nytt-300x136.jpg 300w, https:\/\/cleanmachine.no\/wp-content\/uploads\/2017\/05\/vhs-til-minnepenn-nytt-250x114.jpg 250w, https:\/\/cleanmachine.no\/wp-content\/uploads\/2017\/05\/vhs-til-minnepenn-nytt-150x68.jpg 150w\" sizes=\"auto, (max-width: 700px) 100vw, 700px\" \/><\/p>\n<p style=\"text-align: left;\">De fleste av oss har noen gamle VHS kassetter eller andre typer analoge medier liggende hjemme. Dersom du \u00f8nsker og digitalisere disse ved \u00e5 legge dem p\u00e5 DVD eller en minnepenn er vi behjelpelig med dette. Vi kan digitalisere det meste av eldre analoge medier. Dersom vi ikke klarer det, betaler du heller ingenting for jobben.<\/p>\n","protected":false},"excerpt":{"rendered":"<p>De fleste av oss har noen gamle VHS kassetter eller andre typer analoge medier liggende hjemme. Dersom du \u00f8nsker og digitalisere disse ved \u00e5 legge dem p\u00e5 DVD eller en minnepenn er vi behjelpelig med dette. Vi kan digitalisere det meste av eldre analoge medier. Dersom vi ikke klarer det, \u2026 <a class=\"continue-reading-link\" href=\"https:\/\/cleanmachine.no\/?page_id=225\"> Continue reading <span class=\"meta-nav\">&rarr; <\/span><\/a><\/p>\n","protected":false},"author":1,"featured_media":0,"parent":19,"menu_order":6,"comment_status":"closed","ping_status":"closed","template":"","meta":{"footnotes":""},"class_list":["post-225","page","type-page","status-publish","hentry"],"_links":{"self":[{"href":"https:\/\/cleanmachine.no\/index.php?rest_route=\/wp\/v2\/pages\/225","targetHints":{"allow":["GET"]}}],"collection":[{"href":"https:\/\/cleanmachine.no\/index.php?rest_route=\/wp\/v2\/pages"}],"about":[{"href":"https:\/\/cleanmachine.no\/index.php?rest_route=\/wp\/v2\/types\/page"}],"author":[{"embeddable":true,"href":"https:\/\/cleanmachine.no\/index.php?rest_route=\/wp\/v2\/users\/1"}],"replies":[{"embeddable":true,"href":"https:\/\/cleanmachine.no\/index.php?rest_route=%2Fwp%2Fv2%2Fcomments&post=225"}],"version-history":[{"count":7,"href":"https:\/\/cleanmachine.no\/index.php?rest_route=\/wp\/v2\/pages\/225\/revisions"}],"predecessor-version":[{"id":236,"href":"https:\/\/cleanmachine.no\/index.php?rest_route=\/wp\/v2\/pages\/225\/revisions\/236"}],"up":[{"embeddable":true,"href":"https:\/\/cleanmachine.no\/index.php?rest_route=\/wp\/v2\/pages\/19"}],"wp:attachment":[{"href":"https:\/\/cleanmachine.no\/index.php?rest_route=%2Fwp%2Fv2%2Fmedia&parent=225"}],"curies":[{"name":"wp","href":"https:\/\/api.w.org\/{rel}","templated":true}]}}