{"id":19,"date":"2016-08-22T08:20:17","date_gmt":"2016-08-22T08:20:17","guid":{"rendered":"http:\/\/cleanmachine.no\/?page_id=19"},"modified":"2017-05-05T11:12:01","modified_gmt":"2017-05-05T11:12:01","slug":"tjenester","status":"publish","type":"page","link":"https:\/\/cleanmachine.no\/?page_id=19","title":{"rendered":"Tjenester"},"content":{"rendered":"<p style=\"text-align: justify;\"><img loading=\"lazy\" decoding=\"async\" class=\"alignnone size-full wp-image-77\" src=\"http:\/\/cleanmachine.no\/wp-content\/uploads\/2016\/08\/ESD-small.jpg\" alt=\"ESD small\" width=\"100\" height=\"85\" \/><\/p>\n<p style=\"text-align: justify;\">Vi \u00f8nsker \u00e5 tilby deg som privatperson eller bedrift en sikker og god l\u00f8sning p\u00e5 rengj\u00f8ring av din\/deres maskiner.\u00a0Alt utstyret vi bruker, b\u00e5de kl\u00e6r og verkt\u00f8y er ESD (Electrostatic discharge) godkjent, noe som eliminerer faren for at komponenter kan bli \u00f8delagt som f\u00f8lge av statisk elektrisitet.<\/p>\n<p style=\"text-align: justify;\">I tillegg til \u00e5 rense og rengj\u00f8re din elektronikk kan vi tilby f\u00f8lgende tjenester:<\/p>\n<ul>\n<li style=\"text-align: justify;\">Inng\u00e5 service avtale.<\/li>\n<li style=\"text-align: justify;\">Vi utf\u00f8rer gjerne jobben on-site (billigere for dere og minsker nedetid).<\/li>\n<li style=\"text-align: justify;\">Oppgradering av PC.<\/li>\n<li style=\"text-align: justify;\">Bytte \u00f8delagte komponenter.<\/li>\n<li style=\"text-align: justify;\">Vi henter ut materiale fra din \u00f8delagte PC (forutsatt at ikke harddisken er for defekt).<\/li>\n<li style=\"text-align: justify;\">Vi omgj\u00f8r dine analoge medier til digitalt format etter dine\/dere \u00f8nsker<\/li>\n<\/ul>\n<p>Det er en selvf\u00f8lgelighet for oss at du skal f\u00f8le deg trygg p\u00e5 \u00e5 bruke oss. Vi har derfor en taushetserkl\u00e6ring som tilsier at ingenting av det vi h\u00f8rer eller kommer over vil kunne diskuteres eller p\u00e5 noen m\u00e5te gjengis til 3 part.<\/p>\n<p style=\"text-align: justify;\">\n","protected":false},"excerpt":{"rendered":"<p>Vi \u00f8nsker \u00e5 tilby deg som privatperson eller bedrift en sikker og god l\u00f8sning p\u00e5 rengj\u00f8ring av din\/deres maskiner.\u00a0Alt utstyret vi bruker, b\u00e5de kl\u00e6r og verkt\u00f8y er ESD (Electrostatic discharge) godkjent, noe som eliminerer faren for at komponenter kan bli \u00f8delagt som f\u00f8lge av statisk elektrisitet. I tillegg til \u00e5 \u2026 <a class=\"continue-reading-link\" href=\"https:\/\/cleanmachine.no\/?page_id=19\"> Continue reading <span class=\"meta-nav\">&rarr; <\/span><\/a><\/p>\n","protected":false},"author":1,"featured_media":0,"parent":0,"menu_order":0,"comment_status":"closed","ping_status":"closed","template":"","meta":{"footnotes":""},"class_list":["post-19","page","type-page","status-publish","hentry"],"_links":{"self":[{"href":"https:\/\/cleanmachine.no\/index.php?rest_route=\/wp\/v2\/pages\/19","targetHints":{"allow":["GET"]}}],"collection":[{"href":"https:\/\/cleanmachine.no\/index.php?rest_route=\/wp\/v2\/pages"}],"about":[{"href":"https:\/\/cleanmachine.no\/index.php?rest_route=\/wp\/v2\/types\/page"}],"author":[{"embeddable":true,"href":"https:\/\/cleanmachine.no\/index.php?rest_route=\/wp\/v2\/users\/1"}],"replies":[{"embeddable":true,"href":"https:\/\/cleanmachine.no\/index.php?rest_route=%2Fwp%2Fv2%2Fcomments&post=19"}],"version-history":[{"count":10,"href":"https:\/\/cleanmachine.no\/index.php?rest_route=\/wp\/v2\/pages\/19\/revisions"}],"predecessor-version":[{"id":224,"href":"https:\/\/cleanmachine.no\/index.php?rest_route=\/wp\/v2\/pages\/19\/revisions\/224"}],"wp:attachment":[{"href":"https:\/\/cleanmachine.no\/index.php?rest_route=%2Fwp%2Fv2%2Fmedia&parent=19"}],"curies":[{"name":"wp","href":"https:\/\/api.w.org\/{rel}","templated":true}]}}