{"id":17,"date":"2016-08-22T08:20:03","date_gmt":"2016-08-22T08:20:03","guid":{"rendered":"http:\/\/cleanmachine.no\/?page_id=17"},"modified":"2017-05-18T12:54:24","modified_gmt":"2017-05-18T12:54:24","slug":"om-oss","status":"publish","type":"page","link":"https:\/\/cleanmachine.no\/?page_id=17","title":{"rendered":"Om oss"},"content":{"rendered":"<p>Firmaet\u00a0ble stiftet i 2016.<\/p>\n<p>Ideen rundt Clean Machine kom for noen \u00e5r siden i forbindelse med et legebes\u00f8k. Kim skimtet en PC som sto inne i et skap som var s\u00e5 nedst\u00f8vet at han m\u00e5tte se 2 ganger for \u00e5 v\u00e6re sikker p\u00e5 at det faktisk var en PC.<\/p>\n<p>Vi\u00a0startet med en\u00a0id\u00e9 om \u00e5 rengj\u00f8re i hovedsak PCer og sm\u00e5 elektriske apparater. Dette er noe som vil skape et bedre inneklima, minske brannfaren, spare str\u00f8m, forlenge levetiden og gi mer stabile maskiner.<\/p>\n<div id=\"attachment_189\" style=\"width: 245px\" class=\"wp-caption alignleft\"><img loading=\"lazy\" decoding=\"async\" aria-describedby=\"caption-attachment-189\" class=\"wp-image-189 size-medium\" src=\"http:\/\/cleanmachine.no\/wp-content\/uploads\/2016\/08\/Kim-profil-ferdig-1-235x300.jpg\" alt=\"Profilbilde Kim Pettersen\" width=\"235\" height=\"300\" srcset=\"https:\/\/cleanmachine.no\/wp-content\/uploads\/2016\/08\/Kim-profil-ferdig-1-235x300.jpg 235w, https:\/\/cleanmachine.no\/wp-content\/uploads\/2016\/08\/Kim-profil-ferdig-1-768x981.jpg 768w, https:\/\/cleanmachine.no\/wp-content\/uploads\/2016\/08\/Kim-profil-ferdig-1-801x1024.jpg 801w, https:\/\/cleanmachine.no\/wp-content\/uploads\/2016\/08\/Kim-profil-ferdig-1-117x150.jpg 117w, https:\/\/cleanmachine.no\/wp-content\/uploads\/2016\/08\/Kim-profil-ferdig-1.jpg 1080w\" sizes=\"auto, (max-width: 235px) 100vw, 235px\" \/><p id=\"caption-attachment-189\" class=\"wp-caption-text\">Kim Pettersen &#8211; Daglig leder<\/p><\/div>\n<div id=\"attachment_67\" style=\"width: 245px\" class=\"wp-caption alignleft\"><img loading=\"lazy\" decoding=\"async\" aria-describedby=\"caption-attachment-67\" class=\"wp-image-67 size-medium\" src=\"http:\/\/cleanmachine.no\/wp-content\/uploads\/2016\/08\/Tom-235x300.jpg\" alt=\"Profilbilde Tom Christian\" width=\"235\" height=\"300\" srcset=\"https:\/\/cleanmachine.no\/wp-content\/uploads\/2016\/08\/Tom-235x300.jpg 235w, https:\/\/cleanmachine.no\/wp-content\/uploads\/2016\/08\/Tom-768x981.jpg 768w, https:\/\/cleanmachine.no\/wp-content\/uploads\/2016\/08\/Tom-801x1024.jpg 801w, https:\/\/cleanmachine.no\/wp-content\/uploads\/2016\/08\/Tom-117x150.jpg 117w, https:\/\/cleanmachine.no\/wp-content\/uploads\/2016\/08\/Tom.jpg 1080w\" sizes=\"auto, (max-width: 235px) 100vw, 235px\" \/><p id=\"caption-attachment-67\" class=\"wp-caption-text\">Tom Chr. Rosseland &#8211; Nestleder<\/p><\/div>\n","protected":false},"excerpt":{"rendered":"<p>Firmaet\u00a0ble stiftet i 2016. Ideen rundt Clean Machine kom for noen \u00e5r siden i forbindelse med et legebes\u00f8k. Kim skimtet en PC som sto inne i et skap som var s\u00e5 nedst\u00f8vet at han m\u00e5tte se 2 ganger for \u00e5 v\u00e6re sikker p\u00e5 at det faktisk var en PC. Vi\u00a0startet \u2026 <a class=\"continue-reading-link\" href=\"https:\/\/cleanmachine.no\/?page_id=17\"> Continue reading <span class=\"meta-nav\">&rarr; <\/span><\/a><\/p>\n","protected":false},"author":1,"featured_media":0,"parent":0,"menu_order":0,"comment_status":"closed","ping_status":"closed","template":"","meta":{"footnotes":""},"class_list":["post-17","page","type-page","status-publish","hentry"],"_links":{"self":[{"href":"https:\/\/cleanmachine.no\/index.php?rest_route=\/wp\/v2\/pages\/17","targetHints":{"allow":["GET"]}}],"collection":[{"href":"https:\/\/cleanmachine.no\/index.php?rest_route=\/wp\/v2\/pages"}],"about":[{"href":"https:\/\/cleanmachine.no\/index.php?rest_route=\/wp\/v2\/types\/page"}],"author":[{"embeddable":true,"href":"https:\/\/cleanmachine.no\/index.php?rest_route=\/wp\/v2\/users\/1"}],"replies":[{"embeddable":true,"href":"https:\/\/cleanmachine.no\/index.php?rest_route=%2Fwp%2Fv2%2Fcomments&post=17"}],"version-history":[{"count":21,"href":"https:\/\/cleanmachine.no\/index.php?rest_route=\/wp\/v2\/pages\/17\/revisions"}],"predecessor-version":[{"id":238,"href":"https:\/\/cleanmachine.no\/index.php?rest_route=\/wp\/v2\/pages\/17\/revisions\/238"}],"wp:attachment":[{"href":"https:\/\/cleanmachine.no\/index.php?rest_route=%2Fwp%2Fv2%2Fmedia&parent=17"}],"curies":[{"name":"wp","href":"https:\/\/api.w.org\/{rel}","templated":true}]}}