{"id":161,"date":"2016-10-11T12:20:47","date_gmt":"2016-10-11T12:20:47","guid":{"rendered":"http:\/\/cleanmachine.no\/?page_id=161"},"modified":"2017-05-05T11:08:19","modified_gmt":"2017-05-05T11:08:19","slug":"bytte-komponenter","status":"publish","type":"page","link":"https:\/\/cleanmachine.no\/?page_id=161","title":{"rendered":"Bytte komponenter"},"content":{"rendered":"<p><img loading=\"lazy\" decoding=\"async\" class=\"size-full wp-image-162 aligncenter\" src=\"http:\/\/cleanmachine.no\/wp-content\/uploads\/2016\/10\/laptop-screen-replacement.png\" alt=\"laptop-screen-replacement\" width=\"600\" height=\"228\" srcset=\"https:\/\/cleanmachine.no\/wp-content\/uploads\/2016\/10\/laptop-screen-replacement.png 600w, https:\/\/cleanmachine.no\/wp-content\/uploads\/2016\/10\/laptop-screen-replacement-300x114.png 300w, https:\/\/cleanmachine.no\/wp-content\/uploads\/2016\/10\/laptop-screen-replacement-250x95.png 250w, https:\/\/cleanmachine.no\/wp-content\/uploads\/2016\/10\/laptop-screen-replacement-150x57.png 150w\" sizes=\"auto, (max-width: 600px) 100vw, 600px\" \/>En gang i blant er man uheldig og \u00f8delegger noe. Som oftest er det mye rimeligere \u00e5 reparere enn \u00e5 kj\u00f8pe nytt. Om du\/dere trenger et overslag over hva det vil koste \u00e5 bytte skjerm, tastatur, DVD spiller eller hva det m\u00e5tte v\u00e6re, ikke n\u00f8l med \u00e5 kontakte oss.<\/p>\n","protected":false},"excerpt":{"rendered":"<p>En gang i blant er man uheldig og \u00f8delegger noe. Som oftest er det mye rimeligere \u00e5 reparere enn \u00e5 kj\u00f8pe nytt. Om du\/dere trenger et overslag over hva det vil koste \u00e5 bytte skjerm, tastatur, DVD spiller eller hva det m\u00e5tte v\u00e6re, ikke n\u00f8l med \u00e5 kontakte oss.<\/p>\n","protected":false},"author":1,"featured_media":0,"parent":19,"menu_order":3,"comment_status":"closed","ping_status":"closed","template":"","meta":{"footnotes":""},"class_list":["post-161","page","type-page","status-publish","hentry"],"_links":{"self":[{"href":"https:\/\/cleanmachine.no\/index.php?rest_route=\/wp\/v2\/pages\/161","targetHints":{"allow":["GET"]}}],"collection":[{"href":"https:\/\/cleanmachine.no\/index.php?rest_route=\/wp\/v2\/pages"}],"about":[{"href":"https:\/\/cleanmachine.no\/index.php?rest_route=\/wp\/v2\/types\/page"}],"author":[{"embeddable":true,"href":"https:\/\/cleanmachine.no\/index.php?rest_route=\/wp\/v2\/users\/1"}],"replies":[{"embeddable":true,"href":"https:\/\/cleanmachine.no\/index.php?rest_route=%2Fwp%2Fv2%2Fcomments&post=161"}],"version-history":[{"count":3,"href":"https:\/\/cleanmachine.no\/index.php?rest_route=\/wp\/v2\/pages\/161\/revisions"}],"predecessor-version":[{"id":222,"href":"https:\/\/cleanmachine.no\/index.php?rest_route=\/wp\/v2\/pages\/161\/revisions\/222"}],"up":[{"embeddable":true,"href":"https:\/\/cleanmachine.no\/index.php?rest_route=\/wp\/v2\/pages\/19"}],"wp:attachment":[{"href":"https:\/\/cleanmachine.no\/index.php?rest_route=%2Fwp%2Fv2%2Fmedia&parent=161"}],"curies":[{"name":"wp","href":"https:\/\/api.w.org\/{rel}","templated":true}]}}