{"id":157,"date":"2016-10-11T10:21:06","date_gmt":"2016-10-11T10:21:06","guid":{"rendered":"http:\/\/cleanmachine.no\/?page_id=157"},"modified":"2017-04-20T10:45:04","modified_gmt":"2017-04-20T10:45:04","slug":"rengjore-elektronikk","status":"publish","type":"page","link":"https:\/\/cleanmachine.no\/?page_id=157","title":{"rendered":"Rengj\u00f8re PC og annen elektronikk"},"content":{"rendered":"<p><img loading=\"lazy\" decoding=\"async\" class=\"size-full wp-image-159 aligncenter\" src=\"http:\/\/cleanmachine.no\/wp-content\/uploads\/2016\/10\/ren-pc.jpg\" alt=\"ren-pc\" width=\"700\" height=\"318\" srcset=\"https:\/\/cleanmachine.no\/wp-content\/uploads\/2016\/10\/ren-pc.jpg 700w, https:\/\/cleanmachine.no\/wp-content\/uploads\/2016\/10\/ren-pc-300x136.jpg 300w, https:\/\/cleanmachine.no\/wp-content\/uploads\/2016\/10\/ren-pc-250x114.jpg 250w, https:\/\/cleanmachine.no\/wp-content\/uploads\/2016\/10\/ren-pc-150x68.jpg 150w\" sizes=\"auto, (max-width: 700px) 100vw, 700px\" \/>Det er stor fare for at din PC er full av st\u00f8v, h\u00e5r og andre uhumskheter dersom den har st\u00e5tt p\u00e5 en stund.\u00a0En skitten\u00a0datamaskin vil \u00f8ke str\u00f8mforbruket ved at maskinen m\u00e5 jobbe hardere for \u00e5 gjennomf\u00f8re de samme oppgavene. Det gj\u00f8r ogs\u00e5 PC-en varmere og mer ustabil samt at maskinen ogs\u00e5 bl\u00e5ser ut svevest\u00f8v. Hovedhensikten v\u00e5r er \u00e5 demontere og rengj\u00f8re komponentene inni slik at levetiden p\u00e5 disse kan forlenges. Kostnaden\u00a0deres minskes ved at dere ikke m\u00e5 kj\u00f8pe nytt utstyr hele tiden, noe som samtidig vil v\u00e6re med p\u00e5 \u00e5 spare milj\u00f8et. Skulle du ha annen elektronikk, som f.eks. en forsterker el. kan vi ogs\u00e5 rengj\u00f8re dette.<\/p>\n","protected":false},"excerpt":{"rendered":"<p>Det er stor fare for at din PC er full av st\u00f8v, h\u00e5r og andre uhumskheter dersom den har st\u00e5tt p\u00e5 en stund.\u00a0En skitten\u00a0datamaskin vil \u00f8ke str\u00f8mforbruket ved at maskinen m\u00e5 jobbe hardere for \u00e5 gjennomf\u00f8re de samme oppgavene. Det gj\u00f8r ogs\u00e5 PC-en varmere og mer ustabil samt at maskinen \u2026 <a class=\"continue-reading-link\" href=\"https:\/\/cleanmachine.no\/?page_id=157\"> Continue reading <span class=\"meta-nav\">&rarr; <\/span><\/a><\/p>\n","protected":false},"author":1,"featured_media":0,"parent":19,"menu_order":1,"comment_status":"closed","ping_status":"closed","template":"","meta":{"footnotes":""},"class_list":["post-157","page","type-page","status-publish","hentry"],"_links":{"self":[{"href":"https:\/\/cleanmachine.no\/index.php?rest_route=\/wp\/v2\/pages\/157","targetHints":{"allow":["GET"]}}],"collection":[{"href":"https:\/\/cleanmachine.no\/index.php?rest_route=\/wp\/v2\/pages"}],"about":[{"href":"https:\/\/cleanmachine.no\/index.php?rest_route=\/wp\/v2\/types\/page"}],"author":[{"embeddable":true,"href":"https:\/\/cleanmachine.no\/index.php?rest_route=\/wp\/v2\/users\/1"}],"replies":[{"embeddable":true,"href":"https:\/\/cleanmachine.no\/index.php?rest_route=%2Fwp%2Fv2%2Fcomments&post=157"}],"version-history":[{"count":5,"href":"https:\/\/cleanmachine.no\/index.php?rest_route=\/wp\/v2\/pages\/157\/revisions"}],"predecessor-version":[{"id":210,"href":"https:\/\/cleanmachine.no\/index.php?rest_route=\/wp\/v2\/pages\/157\/revisions\/210"}],"up":[{"embeddable":true,"href":"https:\/\/cleanmachine.no\/index.php?rest_route=\/wp\/v2\/pages\/19"}],"wp:attachment":[{"href":"https:\/\/cleanmachine.no\/index.php?rest_route=%2Fwp%2Fv2%2Fmedia&parent=157"}],"curies":[{"name":"wp","href":"https:\/\/api.w.org\/{rel}","templated":true}]}}