{"id":149,"date":"2016-10-10T11:13:05","date_gmt":"2016-10-10T11:13:05","guid":{"rendered":"http:\/\/cleanmachine.no\/?page_id=149"},"modified":"2017-03-23T12:57:41","modified_gmt":"2017-03-23T12:57:41","slug":"oppgradering","status":"publish","type":"page","link":"https:\/\/cleanmachine.no\/?page_id=149","title":{"rendered":"Oppgradering"},"content":{"rendered":"<p><img loading=\"lazy\" decoding=\"async\" class=\"size-full wp-image-150 aligncenter\" src=\"http:\/\/cleanmachine.no\/wp-content\/uploads\/2016\/10\/Oppgrader-HDD.jpg\" alt=\"oppgrader-hdd\" width=\"700\" height=\"318\" srcset=\"https:\/\/cleanmachine.no\/wp-content\/uploads\/2016\/10\/Oppgrader-HDD.jpg 700w, https:\/\/cleanmachine.no\/wp-content\/uploads\/2016\/10\/Oppgrader-HDD-300x136.jpg 300w, https:\/\/cleanmachine.no\/wp-content\/uploads\/2016\/10\/Oppgrader-HDD-250x114.jpg 250w, https:\/\/cleanmachine.no\/wp-content\/uploads\/2016\/10\/Oppgrader-HDD-150x68.jpg 150w\" sizes=\"auto, (max-width: 700px) 100vw, 700px\" \/>Vi kan hjelpe deg med oppgradering.<\/p>\n<p>Om du syns din PC begynner \u00e5 bli treg kan det skyldes maskinvaren. Dersom du \u00f8nsker \u00e5 oppgraderer din PC er vi behjelpelige. Et godt utgangspunkt er \u00e5 bytte harddisk til en SSD disk eller sette inn litt mer RAM. Dette vil etter all sannsynlighet gj\u00f8re at din PC oppleves mye raskere. Dette vil v\u00e6re en langt billigere l\u00f8sning enn \u00e5 kj\u00f8pe ny PC.<\/p>\n","protected":false},"excerpt":{"rendered":"<p>Vi kan hjelpe deg med oppgradering. Om du syns din PC begynner \u00e5 bli treg kan det skyldes maskinvaren. Dersom du \u00f8nsker \u00e5 oppgraderer din PC er vi behjelpelige. Et godt utgangspunkt er \u00e5 bytte harddisk til en SSD disk eller sette inn litt mer RAM. Dette vil etter all \u2026 <a class=\"continue-reading-link\" href=\"https:\/\/cleanmachine.no\/?page_id=149\"> Continue reading <span class=\"meta-nav\">&rarr; <\/span><\/a><\/p>\n","protected":false},"author":1,"featured_media":0,"parent":19,"menu_order":4,"comment_status":"closed","ping_status":"closed","template":"","meta":{"footnotes":""},"class_list":["post-149","page","type-page","status-publish","hentry"],"_links":{"self":[{"href":"https:\/\/cleanmachine.no\/index.php?rest_route=\/wp\/v2\/pages\/149","targetHints":{"allow":["GET"]}}],"collection":[{"href":"https:\/\/cleanmachine.no\/index.php?rest_route=\/wp\/v2\/pages"}],"about":[{"href":"https:\/\/cleanmachine.no\/index.php?rest_route=\/wp\/v2\/types\/page"}],"author":[{"embeddable":true,"href":"https:\/\/cleanmachine.no\/index.php?rest_route=\/wp\/v2\/users\/1"}],"replies":[{"embeddable":true,"href":"https:\/\/cleanmachine.no\/index.php?rest_route=%2Fwp%2Fv2%2Fcomments&post=149"}],"version-history":[{"count":3,"href":"https:\/\/cleanmachine.no\/index.php?rest_route=\/wp\/v2\/pages\/149\/revisions"}],"predecessor-version":[{"id":175,"href":"https:\/\/cleanmachine.no\/index.php?rest_route=\/wp\/v2\/pages\/149\/revisions\/175"}],"up":[{"embeddable":true,"href":"https:\/\/cleanmachine.no\/index.php?rest_route=\/wp\/v2\/pages\/19"}],"wp:attachment":[{"href":"https:\/\/cleanmachine.no\/index.php?rest_route=%2Fwp%2Fv2%2Fmedia&parent=149"}],"curies":[{"name":"wp","href":"https:\/\/api.w.org\/{rel}","templated":true}]}}