{"id":122,"date":"2016-09-27T07:46:28","date_gmt":"2016-09-27T07:46:28","guid":{"rendered":"http:\/\/cleanmachine.no\/?page_id=122"},"modified":"2017-05-05T11:09:08","modified_gmt":"2017-05-05T11:09:08","slug":"hente-ut-tapt-data","status":"publish","type":"page","link":"http:\/\/cleanmachine.no\/?page_id=122","title":{"rendered":"Hente ut &laquo;tapt&raquo; data"},"content":{"rendered":"<p><img loading=\"lazy\" decoding=\"async\" class=\"size-full wp-image-152 aligncenter\" src=\"http:\/\/cleanmachine.no\/wp-content\/uploads\/2016\/09\/BUSTED-HDD-done.jpg\" alt=\"busted-hdd-done\" width=\"700\" height=\"318\" srcset=\"http:\/\/cleanmachine.no\/wp-content\/uploads\/2016\/09\/BUSTED-HDD-done.jpg 700w, http:\/\/cleanmachine.no\/wp-content\/uploads\/2016\/09\/BUSTED-HDD-done-300x136.jpg 300w, http:\/\/cleanmachine.no\/wp-content\/uploads\/2016\/09\/BUSTED-HDD-done-250x114.jpg 250w, http:\/\/cleanmachine.no\/wp-content\/uploads\/2016\/09\/BUSTED-HDD-done-150x68.jpg 150w\" sizes=\"auto, (max-width: 700px) 100vw, 700px\" \/>Er du redd for at din\/deres data har g\u00e5tt tapt?<\/p>\n<p>Hva gj\u00f8r du dersom din enhet\u00a0ikke lengre virker og det vil koste deg tusenvis av kroner \u00e5 f\u00e5 den reparert? Du \u00f8nsker da gjerne heller \u00e5 bruke de tusenlappene p\u00e5 \u00e5 kj\u00f8pe deg noe nytt?<\/p>\n<p>Samtlige av bildene og familiefilmene ligger p\u00e5 den \u00f8delagte enheten. Dette er ting du selvf\u00f8lgelig \u00f8nsker \u00e5 ta vare p\u00e5. S\u00e5 sant lagringsenheten\u00a0din ikke har g\u00e5tt i stykker kan vi hjelpe deg med \u00e5 hente ut det du m\u00e5tte \u00f8nske av bilder, filmer eller viktige dokumenter.<\/p>\n<p>Dersom du h\u00f8rer klikke-lyder eller skraping fra maskinen din,\u00a0kan dette v\u00e6re et tegn p\u00e5 at den har, eller er i ferd med \u00e5 g\u00e5 i stykker. Skru av maskinen og la oss ta en avgj\u00f8relse p\u00e5 om den er \u00f8delagt eller ikke. Det kan gj\u00f8re vondt verre om du lar den st\u00e5 p\u00e5 og pr\u00f8ver selv dersom du ikke har kompetanse rundt det.<\/p>\n","protected":false},"excerpt":{"rendered":"<p>Er du redd for at din\/deres data har g\u00e5tt tapt? Hva gj\u00f8r du dersom din enhet\u00a0ikke lengre virker og det vil koste deg tusenvis av kroner \u00e5 f\u00e5 den reparert? Du \u00f8nsker da gjerne heller \u00e5 bruke de tusenlappene p\u00e5 \u00e5 kj\u00f8pe deg noe nytt? Samtlige av bildene og familiefilmene \u2026 <a class=\"continue-reading-link\" href=\"http:\/\/cleanmachine.no\/?page_id=122\"> Continue reading <span class=\"meta-nav\">&rarr; <\/span><\/a><\/p>\n","protected":false},"author":1,"featured_media":0,"parent":19,"menu_order":2,"comment_status":"closed","ping_status":"closed","template":"","meta":{"footnotes":""},"class_list":["post-122","page","type-page","status-publish","hentry"],"_links":{"self":[{"href":"http:\/\/cleanmachine.no\/index.php?rest_route=\/wp\/v2\/pages\/122","targetHints":{"allow":["GET"]}}],"collection":[{"href":"http:\/\/cleanmachine.no\/index.php?rest_route=\/wp\/v2\/pages"}],"about":[{"href":"http:\/\/cleanmachine.no\/index.php?rest_route=\/wp\/v2\/types\/page"}],"author":[{"embeddable":true,"href":"http:\/\/cleanmachine.no\/index.php?rest_route=\/wp\/v2\/users\/1"}],"replies":[{"embeddable":true,"href":"http:\/\/cleanmachine.no\/index.php?rest_route=%2Fwp%2Fv2%2Fcomments&post=122"}],"version-history":[{"count":7,"href":"http:\/\/cleanmachine.no\/index.php?rest_route=\/wp\/v2\/pages\/122\/revisions"}],"predecessor-version":[{"id":223,"href":"http:\/\/cleanmachine.no\/index.php?rest_route=\/wp\/v2\/pages\/122\/revisions\/223"}],"up":[{"embeddable":true,"href":"http:\/\/cleanmachine.no\/index.php?rest_route=\/wp\/v2\/pages\/19"}],"wp:attachment":[{"href":"http:\/\/cleanmachine.no\/index.php?rest_route=%2Fwp%2Fv2%2Fmedia&parent=122"}],"curies":[{"name":"wp","href":"https:\/\/api.w.org\/{rel}","templated":true}]}}